{"id":111,"date":"2024-12-12T18:15:38","date_gmt":"2024-12-12T18:15:38","guid":{"rendered":"https:\/\/hapchi.cl\/?page_id=111"},"modified":"2025-01-18T04:18:23","modified_gmt":"2025-01-18T04:18:23","slug":"contacto","status":"publish","type":"page","link":"https:\/\/hapchi.cl\/en\/contacto\/","title":{"rendered":"Contact"},"content":{"rendered":"<div data-elementor-type=\"wp-page\" data-elementor-id=\"111\" class=\"elementor elementor-111\">\n\t\t\t\t<div class=\"elementor-element elementor-element-0d2d56b e-flex e-con-boxed e-con e-parent\" data-id=\"0d2d56b\" data-element_type=\"container\">\n\t\t\t\t\t<div class=\"e-con-inner\">\n\t\t\t\t<div class=\"elementor-element elementor-element-6b9f04e elementor-widget elementor-widget-heading\" data-id=\"6b9f04e\" data-element_type=\"widget\" data-widget_type=\"heading.default\">\n\t\t\t\t<div class=\"elementor-widget-container\">\n\t\t\t\t\t<h2 class=\"elementor-heading-title elementor-size-default\">Contact<\/h2>\t\t\t\t<\/div>\n\t\t\t\t<\/div>\n\t\t\t\t\t<\/div>\n\t\t\t\t<\/div>\n\t\t<div class=\"elementor-element elementor-element-75af715 e-flex e-con-boxed e-con e-parent\" data-id=\"75af715\" data-element_type=\"container\">\n\t\t\t\t\t<div class=\"e-con-inner\">\n\t\t\t\t<div class=\"elementor-element elementor-element-ed8f16c elementor-widget elementor-widget-text-editor\" data-id=\"ed8f16c\" data-element_type=\"widget\" data-widget_type=\"text-editor.default\">\n\t\t\t\t<div class=\"elementor-widget-container\">\n\t\t\t\t\t\t\t\t\t<p>In <strong>HAPCHI<\/strong>We're here to help. If you have questions, need information about pulmonary hypertension, or want to learn more about our activities and how you can support us, don't hesitate to contact us.<\/p><p>\ud83d\udcac <strong>Our commitment is to provide you with clear and timely answers, as well as to accompany you on this journey with reliable information and constant support.<\/strong><\/p><p>You can write to us, call us, or visit us on our social media. We'd be happy to help! Your message is important to us.<\/p>\t\t\t\t\t\t\t\t<\/div>\n\t\t\t\t<\/div>\n\t\t\t\t\t<\/div>\n\t\t\t\t<\/div>\n\t\t<div class=\"elementor-element elementor-element-55d1e30 e-flex e-con-boxed e-con e-parent\" data-id=\"55d1e30\" data-element_type=\"container\">\n\t\t\t\t\t<div class=\"e-con-inner\">\n\t\t<div class=\"elementor-element elementor-element-e571f48 e-con-full e-flex e-con e-child\" data-id=\"e571f48\" data-element_type=\"container\">\n\t\t\t\t<div class=\"elementor-element elementor-element-a621c00 elementor-widget elementor-widget-wpforms\" data-id=\"a621c00\" data-element_type=\"widget\" data-widget_type=\"wpforms.default\">\n\t\t\t\t<div class=\"elementor-widget-container\">\n\t\t\t\t\t<div class=\"wpforms-container wpforms-container-full wpforms-render-modern\" id=\"wpforms-251\"><form id=\"wpforms-form-251\" class=\"wpforms-validate wpforms-form wpforms-ajax-form\" data-formid=\"251\" method=\"post\" enctype=\"multipart\/form-data\" action=\"\/en\/wp-json\/wp\/v2\/pages\/111\" data-token=\"3f9894ce7b59372ba2b98f6b0ee082bb\" data-token-time=\"1778340289\" data-trp-original-action=\"\/en\/wp-json\/wp\/v2\/pages\/111\"><noscript class=\"wpforms-error-noscript\">Please enable JavaScript in your browser to complete this form.<\/noscript><div class=\"wpforms-hidden\" id=\"wpforms-error-noscript\">Please enable JavaScript in your browser to complete this form.<\/div><div class=\"wpforms-field-container\"><div id=\"wpforms-251-field_1-container\" class=\"wpforms-field wpforms-field-name\" data-field-id=\"1\"><fieldset><legend class=\"wpforms-field-label\">Name <span class=\"wpforms-required-label\" aria-hidden=\"true\">*<\/span><\/legend><div class=\"wpforms-field-row wpforms-field-medium\"><div class=\"wpforms-field-row-block wpforms-first wpforms-one-half\"><input type=\"text\" id=\"wpforms-251-field_1\" class=\"wpforms-field-name-first wpforms-field-required\" name=\"wpforms[fields][1][first]\" aria-errormessage=\"wpforms-251-field_1-error\" required><label for=\"wpforms-251-field_1\" class=\"wpforms-field-sublabel after\">First<\/label><\/div><div class=\"wpforms-field-row-block wpforms-one-half\"><input type=\"text\" id=\"wpforms-251-field_1-last\" class=\"wpforms-field-name-last wpforms-field-required\" name=\"wpforms[fields][1][last]\" aria-errormessage=\"wpforms-251-field_1-last-error\" required><label for=\"wpforms-251-field_1-last\" class=\"wpforms-field-sublabel after\">Last<\/label><\/div><\/div><\/fieldset><\/div><div id=\"wpforms-251-field_2-container\" class=\"wpforms-field wpforms-field-email\" data-field-id=\"2\"><label class=\"wpforms-field-label\" for=\"wpforms-251-field_2\">Email <span class=\"wpforms-required-label\" aria-hidden=\"true\">*<\/span><\/label><input type=\"email\" id=\"wpforms-251-field_2\" class=\"wpforms-field-medium wpforms-field-required\" name=\"wpforms[fields][2]\" spellcheck=\"false\" aria-errormessage=\"wpforms-251-field_2-error\" required><\/div><div id=\"wpforms-251-field_3-container\" class=\"wpforms-field wpforms-field-textarea\" data-field-id=\"3\"><label class=\"wpforms-field-label\" for=\"wpforms-251-field_3\">Comment or message<\/label><textarea id=\"wpforms-251-field_3\" class=\"wpforms-field-medium\" name=\"wpforms[fields][3]\" aria-errormessage=\"wpforms-251-field_3-error\" ><\/textarea><\/div><\/div><!-- .wpforms-field-container --><div class=\"wpforms-submit-container\" ><input type=\"hidden\" name=\"wpforms[id]\" value=\"251\"><input type=\"hidden\" name=\"page_title\" value=\"\"><input type=\"hidden\" name=\"page_url\" value=\"https:\/\/hapchi.cl\/en\/wp-json\/wp\/v2\/pages\/111\"><input type=\"hidden\" name=\"url_referer\" value=\"\"><button type=\"submit\" name=\"wpforms[submit]\" id=\"wpforms-submit-251\" class=\"wpforms-submit\" data-alt-text=\"Enviando...\" data-submit-text=\"Enviar\" aria-live=\"assertive\" value=\"wpforms-submit\">Send<\/button><img decoding=\"async\" src=\"https:\/\/hapchi.cl\/wp-content\/plugins\/wpforms-lite\/assets\/images\/submit-spin.svg\" class=\"wpforms-submit-spinner\" style=\"display: none;\" width=\"26\" height=\"26\" alt=\"Loading\"><\/div><input type=\"hidden\" name=\"trp-form-language\" value=\"en\"\/><\/form><\/div>  <!-- .wpforms-container -->\t\t\t\t<\/div>\n\t\t\t\t<\/div>\n\t\t\t\t<\/div>\n\t\t<div class=\"elementor-element elementor-element-c82e80f e-con-full e-flex e-con e-child\" data-id=\"c82e80f\" data-element_type=\"container\">\n\t\t\t\t<div class=\"elementor-element elementor-element-03a2330 elementor-widget elementor-widget-image\" data-id=\"03a2330\" data-element_type=\"widget\" data-widget_type=\"image.default\">\n\t\t\t\t<div class=\"elementor-widget-container\">\n\t\t\t\t\t\t\t\t\t\t\t\t\t\t\t<img fetchpriority=\"high\" decoding=\"async\" width=\"300\" height=\"300\" src=\"https:\/\/hapchi.cl\/wp-content\/uploads\/2025\/01\/Contacto-300x300.png\" class=\"attachment-medium size-medium wp-image-268\" alt=\"\" srcset=\"https:\/\/hapchi.cl\/wp-content\/uploads\/2025\/01\/Contacto-300x300.png 300w, https:\/\/hapchi.cl\/wp-content\/uploads\/2025\/01\/Contacto-150x150.png 150w, https:\/\/hapchi.cl\/wp-content\/uploads\/2025\/01\/Contacto.png 512w\" sizes=\"(max-width: 300px) 100vw, 300px\" \/>\t\t\t\t\t\t\t\t\t\t\t\t\t\t\t<\/div>\n\t\t\t\t<\/div>\n\t\t\t\t<\/div>\n\t\t\t\t\t<\/div>\n\t\t\t\t<\/div>\n\t\t\t\t<\/div>","protected":false},"excerpt":{"rendered":"<p>Contacto En HAPCHI, estamos aqu\u00ed para ayudarte. Si tienes dudas, necesitas informaci\u00f3n sobre la hipertensi\u00f3n pulmonar o quieres saber m\u00e1s sobre nuestras actividades y c\u00f3mo apoyarnos, no dudes en comunicarte con nosotros. \ud83d\udcac Nuestro compromiso es brindarte respuestas claras y oportunas, as\u00ed como acompa\u00f1arte en este camino con informaci\u00f3n confiable y apoyo constante. Puedes escribirnos, [&hellip;]<\/p>","protected":false},"author":1,"featured_media":0,"parent":0,"menu_order":0,"comment_status":"open","ping_status":"closed","template":"elementor_header_footer","meta":{"give_campaign_id":0,"footnotes":""},"class_list":["post-111","page","type-page","status-publish","hentry"],"campaignId":"","jetpack_sharing_enabled":true,"_links":{"self":[{"href":"https:\/\/hapchi.cl\/en\/wp-json\/wp\/v2\/pages\/111","targetHints":{"allow":["GET"]}}],"collection":[{"href":"https:\/\/hapchi.cl\/en\/wp-json\/wp\/v2\/pages"}],"about":[{"href":"https:\/\/hapchi.cl\/en\/wp-json\/wp\/v2\/types\/page"}],"author":[{"embeddable":true,"href":"https:\/\/hapchi.cl\/en\/wp-json\/wp\/v2\/users\/1"}],"replies":[{"embeddable":true,"href":"https:\/\/hapchi.cl\/en\/wp-json\/wp\/v2\/comments?post=111"}],"version-history":[{"count":27,"href":"https:\/\/hapchi.cl\/en\/wp-json\/wp\/v2\/pages\/111\/revisions"}],"predecessor-version":[{"id":320,"href":"https:\/\/hapchi.cl\/en\/wp-json\/wp\/v2\/pages\/111\/revisions\/320"}],"wp:attachment":[{"href":"https:\/\/hapchi.cl\/en\/wp-json\/wp\/v2\/media?parent=111"}],"curies":[{"name":"wp","href":"https:\/\/api.w.org\/{rel}","templated":true}]}}